{"id":228,"date":"2017-05-10T15:25:46","date_gmt":"2017-05-10T14:25:46","guid":{"rendered":"https:\/\/www.gaztedibusturialdea.eus\/pribatutasun-politika\/"},"modified":"2020-09-03T09:58:47","modified_gmt":"2020-09-03T07:58:47","slug":"aviso-legal","status":"publish","type":"page","link":"https:\/\/www.gaztedibusturialdea.eus\/es\/aviso-legal\/","title":{"rendered":"Aviso legal"},"content":{"rendered":"<p>Al enviar este formulario aceptas expresamente que tus datos personales se incluyan en un fichero automatizado de personas y entidades relacionadas con el mundo de la juventud. Estos datos ser\u00e1n utilizados por los Servicios de Juventud de Busturialdea para la difusi\u00f3n de publicaciones y de informaci\u00f3n de inter\u00e9s relacionada con las pol\u00edticas de juventud.<\/p>\n<p>En cumplimiento de lo indicado en la <a href=\"https:\/\/www.boe.es\/buscar\/doc.php?id=BOE-A-2018-16673\" target=\"_blank\" rel=\"noopener noreferrer\">Ley Org\u00e1nica 3\/2018<\/a>, de 5 de diciembre, de Protecci\u00f3n de Datos Personales y garant\u00eda de los derechos digitales, se te informa que en cualquier momento, si lo deseas, podr\u00e1s ejercer tu derecho de acceso, rectificaci\u00f3n, cancelaci\u00f3n y oposici\u00f3n al tratamiento de datos comunic\u00e1ndolo a una de las siguientes direcciones: Oficina de Berhaz del Ayuntamiento de Bermeo (Ertzilla kalea 6-8 &#8211; 48370 Bermeo), Casa de Cultura de Gernika (Foru Plaza 2 &#8211; 48300 Gernika-Lumo) y\/o Urremendi Landa Garapen Elkartea (Domingo Alegria enparantza z.g. &#8211; 48300 Gernika-Lumo).<\/p>\n<ul class=\"social-buttons\">\n\n\t\t    <li>\n\t\t    <a class=\"icon-twitter\" href=\"http:\/\/twitter.com\/share?text=Aviso legal&url=https:\/\/www.gaztedibusturialdea.eus\/es\/aviso-legal\/\"\n            onclick=\"window.open(this.href, 'twitter-share', 'width=550,height=235');return false;\">\n            <span><\/span>\n\t\t\t<\/a>\n\t\t    <\/li>\n\t\t    <li>\n\t\t    <a class=\"icon-fb\" href=\"https:\/\/www.facebook.com\/sharer\/sharer.php?u=https:\/\/www.gaztedibusturialdea.eus\/es\/aviso-legal\/\"\n             onclick=\"window.open(this.href, 'facebook-share','width=580,height=296');return false;\">\n            <span><\/span>\n\t\t\t<\/a>\n\t\t    <\/li>\n\t\t    <li>\n\t\t    <a class=\"icon-gplus\" href=\"https:\/\/plus.google.com\/share?url=https:\/\/www.gaztedibusturialdea.eus\/es\/aviso-legal\/\"\n           onclick=\"window.open(this.href, 'google-plus-share', 'width=490,height=530');return false;\">\n            <span><\/span>\n\t\t\t<\/a>\n\t\t    <\/li>\n\t\t\t\n\t\t\t<li>\n\t\t    \t<a class=\"icon-linkedin\" href=\"https:\/\/www.linkedin.com\/shareArticle?mini=true&url=https:\/\/www.gaztedibusturialdea.eus\/es\/aviso-legal\/&title=Aviso legal\">\n\t\t    \t<span><\/span>\n\t\t    \t<\/a>\n\t\t    <\/li>\n\t\t    \n\t\t\t\n\t\t\t<li>\n\t\t    \t<a class=\"visible-xs icon-whatsapp\" href=\"whatsapp:\/\/send?text=https:\/\/www.gaztedibusturialdea.eus\/es\/aviso-legal\/\" data-action=\"share\/whatsapp\/share\"><\/a>\n\t\t    <\/li>\n\t\t    \n\t\t    \n\t\t\t<\/ul>","protected":false},"excerpt":{"rendered":"<p>Al enviar este formulario aceptas expresamente que tus datos personales se incluyan en un fichero automatizado de personas y entidades relacionadas con el mundo de la juventud. Estos datos ser\u00e1n [&hellip;]<\/p>\n","protected":false},"author":3,"featured_media":721,"parent":0,"menu_order":0,"comment_status":"closed","ping_status":"closed","template":"page-templates\/page-full.php","meta":{"footnotes":""},"class_list":["post-228","page","type-page","status-publish","has-post-thumbnail","hentry"],"_links":{"self":[{"href":"https:\/\/www.gaztedibusturialdea.eus\/es\/wp-json\/wp\/v2\/pages\/228","targetHints":{"allow":["GET"]}}],"collection":[{"href":"https:\/\/www.gaztedibusturialdea.eus\/es\/wp-json\/wp\/v2\/pages"}],"about":[{"href":"https:\/\/www.gaztedibusturialdea.eus\/es\/wp-json\/wp\/v2\/types\/page"}],"author":[{"embeddable":true,"href":"https:\/\/www.gaztedibusturialdea.eus\/es\/wp-json\/wp\/v2\/users\/3"}],"replies":[{"embeddable":true,"href":"https:\/\/www.gaztedibusturialdea.eus\/es\/wp-json\/wp\/v2\/comments?post=228"}],"version-history":[{"count":6,"href":"https:\/\/www.gaztedibusturialdea.eus\/es\/wp-json\/wp\/v2\/pages\/228\/revisions"}],"predecessor-version":[{"id":1290,"href":"https:\/\/www.gaztedibusturialdea.eus\/es\/wp-json\/wp\/v2\/pages\/228\/revisions\/1290"}],"wp:featuredmedia":[{"embeddable":true,"href":"https:\/\/www.gaztedibusturialdea.eus\/es\/wp-json\/wp\/v2\/media\/721"}],"wp:attachment":[{"href":"https:\/\/www.gaztedibusturialdea.eus\/es\/wp-json\/wp\/v2\/media?parent=228"}],"curies":[{"name":"wp","href":"https:\/\/api.w.org\/{rel}","templated":true}]}}