{"id":1080,"date":"2019-12-18T18:55:02","date_gmt":"2019-12-18T16:55:02","guid":{"rendered":"https:\/\/www.gaztedibusturialdea.eus\/produktua\/lengua-de-signos-nivel-iii-b2\/"},"modified":"2019-12-18T19:50:57","modified_gmt":"2019-12-18T17:50:57","slug":"lengua-de-signos-nivel-iii-b2","status":"publish","type":"product","link":"https:\/\/www.gaztedibusturialdea.eus\/es\/producto\/lengua-de-signos-nivel-iii-b2\/","title":{"rendered":"Lengua de Signos: Nivel III (B2)"},"content":{"rendered":"<p><strong><span style=\"color: #ff0000;\">NOTA: Plazo de matr\u00edcula abierto hasta el 7 de enero de 2020<\/span><\/strong><\/p>\n<p>Los servicios de juventud de Busturialdea han organizado un nuevo\u00a0<strong>curso intensivo de Lengua de Signos\u00a0de nivel III<\/strong> (superior &#8211; B2) dentro del programa \u201cLana bilatzea, Lana da\u201d, para las personas j\u00f3venes, desempleadas o no, de Busturialdea.<\/p>\n<p>La formaci\u00f3n se impartir\u00e1 <strong>del 20 de enero al 4 de marzo<\/strong>\u00a0de 2020 (del 21 al 28 de febrero no habr\u00e1 clases), <strong>de 09:00 a 13:30 horas<\/strong> (los d\u00edas 2, 3 y 4 de marzo hasta las 13:00 horas), <strong>en Gernika<\/strong>. Puedes ver <a href=\"https:\/\/docs.google.com\/viewer?a=v&amp;pid=sites&amp;srcid=ZGVmYXVsdGRvbWFpbnxiaWx0ZWdpYWdhenRlZGlidXN0dXJpYWxkZWF8Z3g6ZmYwMGI4NDk1YjlkMmNj\" target=\"_blank\" rel=\"noopener\">aqu\u00ed<\/a> el calendario del curso. <span style=\"color: #008000;\"><strong>Una semana antes de iniciar este curso de nivel III (B2), del 13 al 17 de enero, se impartir\u00e1 un curso de una semana de duraci\u00f3n en el que se repasar\u00e1n los niveles anteriores (A1, A2 y B1). Este curso tendr\u00e1 una duraci\u00f3n de 20 horas, se impartir\u00e1 en horario de ma\u00f1ana (de 09:00 a 13:00 horas) y SER\u00c1 GRATUITO para las personas que quieran realizar el curso de nivel III (B2).<\/strong><\/span><\/p>\n<p><strong>El curso ser\u00e1 impartido por profesorado de la Federaci\u00f3n Vasca de Asociaciones de Personas Sordas (Euskal Gorrak)<\/strong>. Uno de los objetivos del curso es tener la capacidad para comunicarse con personas sordas signantes en las situaciones m\u00e1s habituales y predecibles respondiendo a peticiones y proporcionando indicaciones e informaci\u00f3n concreta, utilizando un lenguaje sencillo, con cierta flexibilidad, en un registro neutro.<\/p>\n<p>La lengua de signos es una lengua natural de expresi\u00f3n y configuraci\u00f3n gesto-espacial y percepci\u00f3n visual (o incluso t\u00e1ctil por ciertas personas con sordo ceguera), gracias a la cual las personas sordas pueden establecer un canal de comunicaci\u00f3n con su entorno social, ya sea conformado por otros individuos sordos o por cualquier persona que conozca la lengua de signos empleada. Mientras que con el lenguaje oral la comunicaci\u00f3n se establece en un canal vocal-auditivo, la lengua de signos lo hace por un canal gesto-viso-espacial.<\/p>\n<p><strong>El curso tiene una duraci\u00f3n de 140 horas<\/strong>, de las cuales 120 horas son presenciales y las 20 restantes no presenciales.\u00a0El curso dispone de <strong>15 plazas<\/strong>. Consulta\u00a0<a href=\"http:\/\/www.euskal-gorrak.org\/blogs\/programacionLS\/programLS_B2.pdf\" target=\"_blank\" rel=\"noopener\">aqu\u00ed<\/a> la programaci\u00f3n del curso y los derechos y deberes del alumnado.<\/p>\n<blockquote><p><strong><span style=\"color: #0000ff;\">Los alumnos que superen el curso obtendr\u00e1n un certificado de Competencia Ling\u00fc\u00edstica homologado como curso de actualizaci\u00f3n por el Gobierno Vasco<\/span><\/strong><\/p><\/blockquote>\n<p><strong>Al finalizar el curso<\/strong> y siempre que se hayan superado las pruebas de evaluaci\u00f3n establecidas y no se superan las faltas permitidas<b>,<\/b>\u00a0<strong>se entregar\u00e1 un certificado de Competencia Ling\u00fc\u00edstica en el nivel superior (B2) homologado como curso de actualizaci\u00f3n por el Gobierno Vasco<\/strong> (adem\u00e1s la titulaci\u00f3n tiene validez a nivel Estatal). En el caso de que el alumno\/a suspenda el curso por no llegar a los objetivos, se le entregar\u00e1 un certificado de las horas de asistencia.<\/p>\n<p>Puesto que el n\u00famero de plazas es limitado, si el n\u00famero de inscripciones supera al de las plazas ofertadas se har\u00e1 una selecci\u00f3n entre las personas que hayan realizado la inscripci\u00f3n. Como siempre, tendr\u00e1n preferencia las personas j\u00f3venes de entre 18 y 35 a\u00f1os empadronadas en los municipios adheridos al programa Gaztedi Busturialdea<\/p>\n<p>Las personas j\u00f3venes de entre 18 y 35 a\u00f1os empadronadas en <strong>Arratzu<\/strong>,<strong> Bermeo, Ere\u00f1o, Forua, Gautegiz Arteaga, Gernika-Lumo, Kortezubi, Mendata, Morga, Mundaka y Sukarrieta deber\u00e1n abonar 300 euros en concepto de matr\u00edcula<\/strong>. De todos modos, <strong>a los y las alumnos\/as que superen el 90% de asistencia al curso se les reembolsar\u00e1n 100 euros<\/strong>.<\/p>\n<p>Cabe se\u00f1alar que los\/as alumnos\/as deber\u00e1n <strong>asistir a un m\u00ednimo del 80% de horas de clase durante todo el curso y aprobar la prueba final para que se le entregue el certificado de aptitud<\/strong>, en caso contrario, se le entregar\u00e1 un certificado de asistencia.<\/p>\n<p><strong>El precio de la matr\u00edcula para las personas mayores de 35 a\u00f1os y\/o no empadronadas en los municipios adheridos al programa Gaztedi Busturialdea ser\u00e1 de 350 euros. En este caso no se har\u00e1 reembolso alguno<\/strong>.<\/p>\n<p>El curso est\u00e1 organizado por los Servicios de Juventud de los Ayuntamientos de Arratzu, Bermeo, Ere\u00f1o, Forua, Gautegiz Arteaga, Gernika-Lumo, Kortezubi, Mendata, Morga, Mundaka y Sukarrietako y la Diputaci\u00f3n Foral de Bizkaia dentro del proyecto denominado Gaztedi Busturialdea.<\/p>\n<p>Colsulta <a href=\"https:\/\/docs.google.com\/viewer?a=v&amp;pid=sites&amp;srcid=ZGVmYXVsdGRvbWFpbnxiaWx0ZWdpYWJlcm1lb3xneDo0MWYzN2ExMzExNGY3OGFh\" target=\"_blank\" rel=\"noopener\">aqu\u00ed<\/a> la normativa que deber\u00e1n cumplir los\/as alumnos\/as.<\/p>\n<p><span style=\"color: #800000;\"><strong>NOTA:<\/strong><\/span>\u00a0La realizaci\u00f3n del curso est\u00e1 sujeta a alcanzar un grupo m\u00ednimo de alumnos\/as. En caso de no ser as\u00ed, \u00e9ste quedar\u00e1 suspendido y se proceder\u00e1 a la devoluci\u00f3n \u00edntegra de lo abonado en concepto de\u00a0matriculaci\u00f3n.<\/p>\n<p><span style=\"color: #800000;\"><strong>ANULACI\u00d3N DE MATR\u00cdCULA:<\/strong><\/span><br \/>\nLas devoluciones del pago de la matr\u00edcula se realizar\u00e1n siempre por anulaciones y bajas debidas a causas justificadas y previa presentaci\u00f3n de la debida justificaci\u00f3n. Se entender\u00e1n por causas justificadas las derivadas de las siguientes situaciones:<\/p>\n<p>1. Obligaciones laborales incompatibles con el horario del curso: nueva incorporaci\u00f3n o cambio de horario laboral.<br \/>\n2. Estado de salud prolongado que impida la asistencia al curso: enfermedad, ingreso, intervenci\u00f3n o procesos de rehabilitaci\u00f3n de larga duraci\u00f3n.<\/p>\n<p><strong>Toda baja del curso realizada con fecha posterior al 8 de enero de 2020 (inclusive), no conllevar\u00e1 devoluci\u00f3n alguna y supondr\u00e1 la p\u00e9rdida del importe total abonado en concepto de matr\u00edcula.<\/strong><\/p>\n<ul class=\"social-buttons\">\n\n\t\t    <li>\n\t\t    <a class=\"icon-twitter\" href=\"http:\/\/twitter.com\/share?text=Lengua de Signos: Nivel III (B2)&url=https:\/\/www.gaztedibusturialdea.eus\/es\/producto\/lengua-de-signos-nivel-iii-b2\/\"\n            onclick=\"window.open(this.href, 'twitter-share', 'width=550,height=235');return false;\">\n            <span><\/span>\n\t\t\t<\/a>\n\t\t    <\/li>\n\t\t    <li>\n\t\t    <a class=\"icon-fb\" href=\"https:\/\/www.facebook.com\/sharer\/sharer.php?u=https:\/\/www.gaztedibusturialdea.eus\/es\/producto\/lengua-de-signos-nivel-iii-b2\/\"\n             onclick=\"window.open(this.href, 'facebook-share','width=580,height=296');return false;\">\n            <span><\/span>\n\t\t\t<\/a>\n\t\t    <\/li>\n\t\t    <li>\n\t\t    <a class=\"icon-gplus\" href=\"https:\/\/plus.google.com\/share?url=https:\/\/www.gaztedibusturialdea.eus\/es\/producto\/lengua-de-signos-nivel-iii-b2\/\"\n           onclick=\"window.open(this.href, 'google-plus-share', 'width=490,height=530');return false;\">\n            <span><\/span>\n\t\t\t<\/a>\n\t\t    <\/li>\n\t\t\t\n\t\t\t<li>\n\t\t    \t<a class=\"icon-linkedin\" href=\"https:\/\/www.linkedin.com\/shareArticle?mini=true&url=https:\/\/www.gaztedibusturialdea.eus\/es\/producto\/lengua-de-signos-nivel-iii-b2\/&title=Lengua de Signos: Nivel III (B2)\">\n\t\t    \t<span><\/span>\n\t\t    \t<\/a>\n\t\t    <\/li>\n\t\t    \n\t\t\t\n\t\t\t<li>\n\t\t    \t<a class=\"visible-xs icon-whatsapp\" href=\"whatsapp:\/\/send?text=https:\/\/www.gaztedibusturialdea.eus\/es\/producto\/lengua-de-signos-nivel-iii-b2\/\" data-action=\"share\/whatsapp\/share\"><\/a>\n\t\t    <\/li>\n\t\t    \n\t\t    \n\t\t\t<\/ul>","protected":false},"excerpt":{"rendered":"<p>Los servicios de juventud de Busturialdea han organizado un nuevo\u00a0curso intensivo de Lengua de Signos\u00a0de nivel III (superior &#8211; B2) dentro del programa \u201cLana bilatzea, Lana da\u201d, para las personas j\u00f3venes, desempleadas o no, de Busturialdea.\u00a0La formaci\u00f3n se impartir\u00e1 del 20 de enero al 4 de marzo\u00a0de 2020 (del 21 al 28 de febrero no habr\u00e1 clases), de 09:00 a 13:30 horas (los d\u00edas 2, 3 y 4 de marzo hasta las 13:00 horas), en Gernika.<\/p>\n","protected":false},"featured_media":0,"template":"","meta":[],"product_brand":[],"product_cat":[44],"product_tag":[],"class_list":{"0":"post-1080","1":"product","2":"type-product","3":"status-publish","5":"product_cat-formacion","7":"first","8":"instock","9":"shipping-taxable","10":"purchasable","11":"product-type-variable"},"_links":{"self":[{"href":"https:\/\/www.gaztedibusturialdea.eus\/es\/wp-json\/wp\/v2\/product\/1080","targetHints":{"allow":["GET"]}}],"collection":[{"href":"https:\/\/www.gaztedibusturialdea.eus\/es\/wp-json\/wp\/v2\/product"}],"about":[{"href":"https:\/\/www.gaztedibusturialdea.eus\/es\/wp-json\/wp\/v2\/types\/product"}],"wp:attachment":[{"href":"https:\/\/www.gaztedibusturialdea.eus\/es\/wp-json\/wp\/v2\/media?parent=1080"}],"wp:term":[{"taxonomy":"product_brand","embeddable":true,"href":"https:\/\/www.gaztedibusturialdea.eus\/es\/wp-json\/wp\/v2\/product_brand?post=1080"},{"taxonomy":"product_cat","embeddable":true,"href":"https:\/\/www.gaztedibusturialdea.eus\/es\/wp-json\/wp\/v2\/product_cat?post=1080"},{"taxonomy":"product_tag","embeddable":true,"href":"https:\/\/www.gaztedibusturialdea.eus\/es\/wp-json\/wp\/v2\/product_tag?post=1080"}],"curies":[{"name":"wp","href":"https:\/\/api.w.org\/{rel}","templated":true}]}}