{"id":1391,"date":"2021-04-30T10:53:53","date_gmt":"2021-04-30T09:53:53","guid":{"rendered":"https:\/\/www.gaztedibusturialdea.eus\/produktua\/curso-de-lengua-de-signos-online-nivel-i-a1-a2\/"},"modified":"2021-05-04T12:14:16","modified_gmt":"2021-05-04T11:14:16","slug":"curso-de-lengua-de-signos-online-nivel-i-a1-a2","status":"publish","type":"product","link":"https:\/\/www.gaztedibusturialdea.eus\/es\/producto\/curso-de-lengua-de-signos-online-nivel-i-a1-a2\/","title":{"rendered":"Curso de Lengua de Signos Online: Nivel I (A1-A2)"},"content":{"rendered":"<p><span style=\"color: #ff0000;\"><strong>NOTA: Plazo de matr\u00edcula abierto hasta el 09\/05\/2021<\/strong><\/span><\/p>\n<p>Los servicios de juventud de Busturialdea han organizado un nuevo\u00a0<strong>curso online de Lengua de Signos Espa\u00f1ola (LSE) de nivel inicial<\/strong>\u00a0dentro del programa \u201cLana bilatzea, Lana da\u201d, para las personas j\u00f3venes, desempleadas o no, de Busturialdea. El Curso est\u00e1 destinado a alumnos sin conocimientos previos, corresponde al nivel A1-A2 del Marco Com\u00fan Europeo de Referencia para las Lenguas del Consejo de Europa (MCERL) y se acreditar\u00e1 mediante diploma de Competencia Ling\u00fc\u00edstica en dicho nivel.<\/p>\n<p>La formaci\u00f3n <span style=\"color: #ff0000;\">se impartir\u00e1 del 13 de mayo al 30 de junio de 2021 y ser\u00e1 online, sin horarios, adaptado a la disponibilidad del alumnado.<\/span><\/p>\n<p><strong>El curso ser\u00e1 impartido por profesorado de la Federaci\u00f3n Vasca de Asociaciones de Personas Sordas (Euskal Gorrak)\u00a0y est\u00e1 homologado como curso de actualizaci\u00f3n por el Gobierno Vasco<\/strong> y adem\u00e1s tiene validez a nivel Estatal ya que Euskal Gorrak pertenece a la Red Estatal de Ense\u00f1anzas de las Lenguas de Signos Espa\u00f1olas de la Confederaci\u00f3n Estatal de Personas Sordas (CNSE).<\/p>\n<p>Uno de los objetivos del curso es tener la capacidad para comunicarse con personas sordas signantes en las situaciones m\u00e1s habituales y predecibles respondiendo a peticiones y proporcionando indicaciones e informaci\u00f3n concreta, utilizando un lenguaje sencillo, con cierta flexibilidad, en un registro neutro.<\/p>\n<p>La lengua de signos es una lengua natural de expresi\u00f3n y configuraci\u00f3n gesto-espacial y percepci\u00f3n visual (o incluso t\u00e1ctil por ciertas personas con sordo ceguera), gracias a la cual las personas sordas pueden establecer un canal de comunicaci\u00f3n con su entorno social, ya sea conformado por otros individuos sordos o por cualquier persona que conozca la lengua de signos empleada. Mientras que con el lenguaje oral la comunicaci\u00f3n se establece en un canal vocal-auditivo, la lengua de signos lo hace por un canal gesto-viso-espacial.<\/p>\n<p><strong>El curso tiene una duraci\u00f3n de 140 horas <\/strong>y dispone de\u00a0<strong>15 plazas<\/strong>. Consulta\u00a0<a href=\"http:\/\/www.euskal-gorrak.org\/blogs\/programacionLS\/programLS_A1_A2.pdf\" target=\"_blank\" rel=\"noopener noreferrer\">aqu\u00ed<\/a>\u00a0la programaci\u00f3n del curso y los derechos y deberes del alumnado.<\/p>\n<blockquote><p><span style=\"color: #0000ff;\"><strong>Los alumnos que superen el curso obtendr\u00e1n un certificado de Competencia Ling\u00fc\u00edstica homologado como curso de actualizaci\u00f3n por el Gobierno Vasco<\/strong><\/span><\/p><\/blockquote>\n<p><strong>Al finalizar el curso<\/strong>\u00a0y siempre que se hayan superado las pruebas de evaluaci\u00f3n establecidas y no se superan las faltas permitidas<b>,<\/b>\u00a0<strong>se entregar\u00e1 un certificado de Competencia Ling\u00fc\u00edstica en el nivel correspondiente (A1-A2) homologado como curso de actualizaci\u00f3n por el Gobierno Vasco<\/strong>\u00a0(adem\u00e1s la titulaci\u00f3n tiene validez a nivel Estatal). En el caso de que el alumno\/a suspenda el curso por no llegar a los objetivos, se le entregar\u00e1 un certificado de las horas de asistencia.<\/p>\n<p>Puesto que el n\u00famero de plazas es limitado, si el n\u00famero de inscripciones supera al de las plazas ofertadas se har\u00e1 una selecci\u00f3n entre las personas que hayan realizado la inscripci\u00f3n. Como siempre, tendr\u00e1n preferencia las personas j\u00f3venes de entre 18 y 35 a\u00f1os empadronadas en los municipios adheridos al programa Gaztedi Busturialdea<\/p>\n<p>Las personas j\u00f3venes de entre 18 y 35 a\u00f1os empadronadas en <strong>Ajangiz,<\/strong>\u00a0<strong>Arratzu<\/strong>,<strong> Bermeo, Busturia, Ere\u00f1o, Forua, Gautegiz Arteaga, Gernika-Lumo, Kortezubi, Mendata, Morga, Mundaka, Murueta, Nabarniz y Sukarrieta deber\u00e1n abonar 350 euros en concepto de matr\u00edcula<\/strong>. De todos modos,\u00a0<strong>a los y las alumnos\/as que superen el 90% de asistencia al curso se les reembolsar\u00e1n 100 euros<\/strong>.<\/p>\n<p>Cabe se\u00f1alar que los\/as alumnos\/as deber\u00e1n\u00a0<strong>asistir a un m\u00ednimo del 80% de horas de clase durante todo el curso y aprobar la prueba final para que se le entregue el certificado de aptitud<\/strong>, en caso contrario, se le entregar\u00e1 un certificado de asistencia.<\/p>\n<p><strong>El precio de la matr\u00edcula para las personas mayores de 35 a\u00f1os y\/o no empadronadas en los municipios adheridos al programa Gaztedi Busturialdea ser\u00e1 de 400 euros. En este caso no se har\u00e1 reembolso alguno<\/strong>.<\/p>\n<p>El curso est\u00e1 organizado por los Servicios de Juventud de los Ayuntamientos de Ajangiz, Arratzu, Bermeo, Busturia, Ere\u00f1o, Forua, Gautegiz Arteaga, Gernika-Lumo, Kortezubi, Mendata, Morga, Mundaka, Murueta, Nabarniz y Sukarrieta dentro del proyecto denominado Gaztedi Busturialdea.<\/p>\n<p>Consulta\u00a0<a href=\"https:\/\/docs.google.com\/viewer?a=v&amp;pid=sites&amp;srcid=ZGVmYXVsdGRvbWFpbnxiaWx0ZWdpYWJlcm1lb3xneDo0MWYzN2ExMzExNGY3OGFh\" target=\"_blank\" rel=\"noopener noreferrer\">aqu\u00ed<\/a>\u00a0la normativa que deber\u00e1n cumplir los\/as alumnos\/as.<\/p>\n<p><span style=\"color: #800000;\"><strong>NOTA:<\/strong><\/span>\u00a0La realizaci\u00f3n del curso est\u00e1 sujeta a alcanzar un grupo m\u00ednimo de alumnos\/as. En caso de no ser as\u00ed, \u00e9ste quedar\u00e1 suspendido y se proceder\u00e1 a la devoluci\u00f3n \u00edntegra de lo abonado en concepto de\u00a0matriculaci\u00f3n.<\/p>\n<p><span style=\"color: #800000;\"><strong>ANULACI\u00d3N DE MATR\u00cdCULA:<\/strong><\/span><br \/>\nLas devoluciones del pago de la matr\u00edcula se realizar\u00e1n siempre por anulaciones y bajas debidas a causas justificadas y previa presentaci\u00f3n de la debida justificaci\u00f3n. Se entender\u00e1 por causa justificada la derivada de la siguiente situaci\u00f3n:<\/p>\n<p>1. Estado de salud prolongado que impida la realizaci\u00f3n del curso: enfermedad, ingreso, intervenci\u00f3n o procesos de rehabilitaci\u00f3n de larga duraci\u00f3n.<\/p>\n<p><strong>Toda baja del curso realizada con fecha posterior al 10 de mayo de 2021 (inclusive), no conllevar\u00e1 devoluci\u00f3n alguna y supondr\u00e1 la p\u00e9rdida del importe total abonado en concepto de matr\u00edcula.<\/strong><\/p>\n<ul class=\"social-buttons\">\n\n\t\t    <li>\n\t\t    <a class=\"icon-twitter\" href=\"http:\/\/twitter.com\/share?text=Curso de Lengua de Signos Online: Nivel I (A1-A2)&url=https:\/\/www.gaztedibusturialdea.eus\/es\/producto\/curso-de-lengua-de-signos-online-nivel-i-a1-a2\/\"\n            onclick=\"window.open(this.href, 'twitter-share', 'width=550,height=235');return false;\">\n            <span><\/span>\n\t\t\t<\/a>\n\t\t    <\/li>\n\t\t    <li>\n\t\t    <a class=\"icon-fb\" href=\"https:\/\/www.facebook.com\/sharer\/sharer.php?u=https:\/\/www.gaztedibusturialdea.eus\/es\/producto\/curso-de-lengua-de-signos-online-nivel-i-a1-a2\/\"\n             onclick=\"window.open(this.href, 'facebook-share','width=580,height=296');return false;\">\n            <span><\/span>\n\t\t\t<\/a>\n\t\t    <\/li>\n\t\t    <li>\n\t\t    <a class=\"icon-gplus\" href=\"https:\/\/plus.google.com\/share?url=https:\/\/www.gaztedibusturialdea.eus\/es\/producto\/curso-de-lengua-de-signos-online-nivel-i-a1-a2\/\"\n           onclick=\"window.open(this.href, 'google-plus-share', 'width=490,height=530');return false;\">\n            <span><\/span>\n\t\t\t<\/a>\n\t\t    <\/li>\n\t\t\t\n\t\t\t<li>\n\t\t    \t<a class=\"icon-linkedin\" href=\"https:\/\/www.linkedin.com\/shareArticle?mini=true&url=https:\/\/www.gaztedibusturialdea.eus\/es\/producto\/curso-de-lengua-de-signos-online-nivel-i-a1-a2\/&title=Curso de Lengua de Signos Online: Nivel I (A1-A2)\">\n\t\t    \t<span><\/span>\n\t\t    \t<\/a>\n\t\t    <\/li>\n\t\t    \n\t\t\t\n\t\t\t<li>\n\t\t    \t<a class=\"visible-xs icon-whatsapp\" href=\"whatsapp:\/\/send?text=https:\/\/www.gaztedibusturialdea.eus\/es\/producto\/curso-de-lengua-de-signos-online-nivel-i-a1-a2\/\" data-action=\"share\/whatsapp\/share\"><\/a>\n\t\t    <\/li>\n\t\t    \n\t\t    \n\t\t\t<\/ul>","protected":false},"excerpt":{"rendered":"<p><img loading=\"lazy\" decoding=\"async\" class=\"aligncenter size-medium wp-image-1392\" src=\"https:\/\/www.gaztedibusturialdea.eus\/wp-content\/uploads\/2021\/04\/Zeinu-Hizkuntza-ikastaroa-online-A1-A2-2021eko-maiatza-ekaina-600x338.jpg\" alt=\"\" width=\"600\" height=\"338\" srcset=\"https:\/\/www.gaztedibusturialdea.eus\/wp-content\/uploads\/2021\/04\/Zeinu-Hizkuntza-ikastaroa-online-A1-A2-2021eko-maiatza-ekaina-600x338.jpg 600w, https:\/\/www.gaztedibusturialdea.eus\/wp-content\/uploads\/2021\/04\/Zeinu-Hizkuntza-ikastaroa-online-A1-A2-2021eko-maiatza-ekaina-1024x576.jpg 1024w, https:\/\/www.gaztedibusturialdea.eus\/wp-content\/uploads\/2021\/04\/Zeinu-Hizkuntza-ikastaroa-online-A1-A2-2021eko-maiatza-ekaina-768x432.jpg 768w, https:\/\/www.gaztedibusturialdea.eus\/wp-content\/uploads\/2021\/04\/Zeinu-Hizkuntza-ikastaroa-online-A1-A2-2021eko-maiatza-ekaina.jpg 1280w\" sizes=\"auto, (max-width: 600px) 100vw, 600px\" \/><\/p>\n","protected":false},"featured_media":0,"template":"","meta":[],"product_brand":[],"product_cat":[44],"product_tag":[],"class_list":{"0":"post-1391","1":"product","2":"type-product","3":"status-publish","5":"product_cat-formacion","7":"first","8":"instock","9":"shipping-taxable","10":"purchasable","11":"product-type-variable"},"_links":{"self":[{"href":"https:\/\/www.gaztedibusturialdea.eus\/es\/wp-json\/wp\/v2\/product\/1391","targetHints":{"allow":["GET"]}}],"collection":[{"href":"https:\/\/www.gaztedibusturialdea.eus\/es\/wp-json\/wp\/v2\/product"}],"about":[{"href":"https:\/\/www.gaztedibusturialdea.eus\/es\/wp-json\/wp\/v2\/types\/product"}],"wp:attachment":[{"href":"https:\/\/www.gaztedibusturialdea.eus\/es\/wp-json\/wp\/v2\/media?parent=1391"}],"wp:term":[{"taxonomy":"product_brand","embeddable":true,"href":"https:\/\/www.gaztedibusturialdea.eus\/es\/wp-json\/wp\/v2\/product_brand?post=1391"},{"taxonomy":"product_cat","embeddable":true,"href":"https:\/\/www.gaztedibusturialdea.eus\/es\/wp-json\/wp\/v2\/product_cat?post=1391"},{"taxonomy":"product_tag","embeddable":true,"href":"https:\/\/www.gaztedibusturialdea.eus\/es\/wp-json\/wp\/v2\/product_tag?post=1391"}],"curies":[{"name":"wp","href":"https:\/\/api.w.org\/{rel}","templated":true}]}}