{"id":1529,"date":"2022-04-07T12:09:01","date_gmt":"2022-04-07T11:09:01","guid":{"rendered":"https:\/\/www.gaztedibusturialdea.eus\/produktua\/turismo-aktiboko-jardueretan-prestakuntza\/"},"modified":"2022-04-07T16:13:17","modified_gmt":"2022-04-07T15:13:17","slug":"turismo-aktiboko-jardueretan-prestakuntza","status":"publish","type":"product","link":"https:\/\/www.gaztedibusturialdea.eus\/es\/producto\/turismo-aktiboko-jardueretan-prestakuntza\/","title":{"rendered":"Formaci\u00f3n en Actividades de Turismo Activo"},"content":{"rendered":"<p><span style=\"color: #ff0000;\"><strong>Nota: abierto el plazo de matr\u00edcula hasta el 20 de abril de 2022<\/strong><\/span><\/p>\n<p>Los servicios de juventud de Busturialdea junto con la Diputaci\u00f3n Foral de Bizkaia han organizado una <strong>formaci\u00f3n sobre Actividades de Turismo Activo dirigida a las personas j\u00f3venes de la comarca.<\/strong> El curso se enmarca dentro del programa comarcal `Gaztedi Busturialdea &#8216;. La formaci\u00f3n se impartir\u00e1 despu\u00e9s de Semana Santa, <strong>del 25 al 29 de abril<\/strong>. Ser\u00e1 una formaci\u00f3n especializada con una duraci\u00f3n de 25 horas y se impartir\u00e1 <strong>en Ibarrangelua, de 15:00 a 20:00 horas<\/strong>.<\/p>\n<p><strong>Tendr\u00e1n preferencia las personas de hasta 35 a\u00f1os empadronadas en Ajangiz, Arratzu, Bermeo, Busturia, Elantxobe, Ere\u00f1o, Errigoiti, Foru, Gautegiz Arteaga, Gernika-Lumo, Kortezubi, Mendata, Morga, Mundaka, Murueta, Muxika, Nabarniz y\/o Sukarrieta<\/strong> y\u00a0que est\u00e9n en posesi\u00f3n del t\u00edtulo de grado o licenciatura en Ciencias de la Actividad F\u00edsica y del Deporte o de un t\u00edtulo declarado equivalente.<\/p>\n<p>Con esta formaci\u00f3n se pretende <strong>formar a profesionales del turismo activo<\/strong> y capacitar a las personas j\u00f3venes de Busturialdea para que tengan \u00e9xito en la b\u00fasqueda de empleo. Una vez finalizado el curso habr\u00e1 oportunidades de inserci\u00f3n laboral, tanto en las empresas de la comarca como en las externas, ya que <strong>existe un compromiso de contrataci\u00f3n<\/strong>.<\/p>\n<p>Los contenidos o <strong>sesiones formativas del curso<\/strong> de especializaci\u00f3n ser\u00e1n los siguientes:<\/p>\n<ul>\n<li>Pirag\u00fcismo en la r\u00eda de Urdaibai con kayak cerrados.<\/li>\n<li>Traves\u00eda de canoa por la r\u00eda de Urdaibai con kayak abiertos.<\/li>\n<li>SUP \u2013 Stand Up Paddle, actividad de remo de pie.<\/li>\n<li>BigSup, la tabla Stand Up Paddle del grupo.<\/li>\n<li>Actividades con altura y cuerda.<\/li>\n<\/ul>\n<blockquote><p><span style=\"color: #0000ff;\"><strong>La formaci\u00f3n, que lleva consigo un compromiso de contrataci\u00f3n, tiene una duraci\u00f3n de 25 horas y se impartir\u00e1 en 5 sesiones de 5 horas, del 25 al 29 de abril<\/strong><\/span><\/p><\/blockquote>\n<p>Dado que el n\u00famero de plazas es limitado (<strong>12 plazas<\/strong>), si el n\u00famero de plazas ofertadas es inferior al n\u00famero de interesados\/as se realizar\u00e1 una selecci\u00f3n entre las personas inscritas. Como viene siendo habitual, tendr\u00e1n prioridad las personas j\u00f3venes empadronadas en las localidades participantes en el programa Gaztedi Busturialdea. Adem\u00e1s, <strong>se garantizar\u00e1 la paridad de g\u00e9nero<\/strong>.<\/p>\n<p><strong>Las personas j\u00f3venes de hasta 35 a\u00f1os empadronadas<\/strong> en los municipios adheridos al programa Gaztedi Busturialdea deber\u00e1n abonar una <strong>matr\u00edcula de 90 euros<\/strong>. Por contra, <strong>las personas mayores de 35 a\u00f1os y las empadronadas en localidades que no participen en el programa Gaztedi Busturialdea, deber\u00e1n abonar 300 euros.<\/strong><\/p>\n<p>El curso est\u00e1 organizado por los servicios de juventud de los ayuntamientos de Ajangiz, Arratzu, Bermeo, Busturia, Elantxobe, Ere\u00f1o, Errigoiti, Foru, Gautegiz Arteaga, Gernika-Lumo, Kortezubi, Mendata, Morga, Mundaka, Murueta, Muxika, Nabarniz y Sukarrieta y la Diputaci\u00f3n Foral de Bizkaia, dentro del proyecto Gaztedi Busturialdea.<\/p>\n<p><span style=\"color: #800000;\"><strong>NOTA:<\/strong><\/span> La realizaci\u00f3n del curso est\u00e1 sujeta a alcanzar un grupo m\u00ednimo de alumnos\/as. En caso de no ser as\u00ed, \u00e9ste quedar\u00e1 suspendido y se proceder\u00e1 a la devoluci\u00f3n \u00edntegra de lo abonado en concepto de matriculaci\u00f3n.<\/p>\n<p><strong><span style=\"color: #800000;\">ANULACI\u00d3N DE MATR\u00cdCULA:<\/span><\/strong><\/p>\n<p>Los reembolsos de matr\u00edcula (baja en el curso) s\u00f3lo se realizar\u00e1n por causas justificadas y el alumno\/a deber\u00e1 presentar previamente los justificantes necesarios para su acreditaci\u00f3n. Se considerar\u00e1n causas justificadas las producidas por:<\/p>\n<p>1. Obligaciones laborales incompatibles con el horario del curso: nueva incorporaci\u00f3n o cambio de horario laboral.<br \/>\n2. Estado de salud de larga duraci\u00f3n que impide la realizaci\u00f3n del curso: procesos de enfermedad de larga duraci\u00f3n, hospitalizaci\u00f3n, intervenci\u00f3n quir\u00fargica o rehabilitaci\u00f3n.<\/p>\n<p>Toda baja del curso realizada con fecha posterior al 21 de abril del 2022 (inclusive), no conllevar\u00e1 reembolso de la matr\u00edcula y el\/la alumno\/a perder\u00e1 la totalidad del importe abonado en concepto de matr\u00edcula.<\/p>\n<ul class=\"social-buttons\">\n\n\t\t    <li>\n\t\t    <a class=\"icon-twitter\" href=\"http:\/\/twitter.com\/share?text=Formaci\u00f3n en Actividades de Turismo Activo&url=https:\/\/www.gaztedibusturialdea.eus\/es\/producto\/turismo-aktiboko-jardueretan-prestakuntza\/\"\n            onclick=\"window.open(this.href, 'twitter-share', 'width=550,height=235');return false;\">\n            <span><\/span>\n\t\t\t<\/a>\n\t\t    <\/li>\n\t\t    <li>\n\t\t    <a class=\"icon-fb\" href=\"https:\/\/www.facebook.com\/sharer\/sharer.php?u=https:\/\/www.gaztedibusturialdea.eus\/es\/producto\/turismo-aktiboko-jardueretan-prestakuntza\/\"\n             onclick=\"window.open(this.href, 'facebook-share','width=580,height=296');return false;\">\n            <span><\/span>\n\t\t\t<\/a>\n\t\t    <\/li>\n\t\t    <li>\n\t\t    <a class=\"icon-gplus\" href=\"https:\/\/plus.google.com\/share?url=https:\/\/www.gaztedibusturialdea.eus\/es\/producto\/turismo-aktiboko-jardueretan-prestakuntza\/\"\n           onclick=\"window.open(this.href, 'google-plus-share', 'width=490,height=530');return false;\">\n            <span><\/span>\n\t\t\t<\/a>\n\t\t    <\/li>\n\t\t\t\n\t\t\t<li>\n\t\t    \t<a class=\"icon-linkedin\" href=\"https:\/\/www.linkedin.com\/shareArticle?mini=true&url=https:\/\/www.gaztedibusturialdea.eus\/es\/producto\/turismo-aktiboko-jardueretan-prestakuntza\/&title=Formaci\u00f3n en Actividades de Turismo Activo\">\n\t\t    \t<span><\/span>\n\t\t    \t<\/a>\n\t\t    <\/li>\n\t\t    \n\t\t\t\n\t\t\t<li>\n\t\t    \t<a class=\"visible-xs icon-whatsapp\" href=\"whatsapp:\/\/send?text=https:\/\/www.gaztedibusturialdea.eus\/es\/producto\/turismo-aktiboko-jardueretan-prestakuntza\/\" data-action=\"share\/whatsapp\/share\"><\/a>\n\t\t    <\/li>\n\t\t    \n\t\t    \n\t\t\t<\/ul>","protected":false},"excerpt":{"rendered":"<p>Los servicios de juventud de Busturialdea junto con la Diputaci\u00f3n Foral de Bizkaia han organizado una <strong>formaci\u00f3n sobre Actividades de Turismo Activo dirigida a las personas j\u00f3venes de la comarca.<\/strong> El curso se enmarca dentro del programa comarcal `Gaztedi Busturialdea &#8216;. La formaci\u00f3n se impartir\u00e1 despu\u00e9s de Semana Santa, <strong>del 25 al 29 de abril<\/strong>. Ser\u00e1 una formaci\u00f3n especializada con una duraci\u00f3n de 25 horas y se impartir\u00e1 <strong>en Ibarrangelua, de 15:00 a 20:00 horas<\/strong>.<\/p>\n","protected":false},"featured_media":0,"template":"","meta":[],"product_brand":[],"product_cat":[44],"product_tag":[],"class_list":{"0":"post-1529","1":"product","2":"type-product","3":"status-publish","5":"product_cat-formacion","7":"first","8":"instock","9":"shipping-taxable","10":"purchasable","11":"product-type-variable"},"_links":{"self":[{"href":"https:\/\/www.gaztedibusturialdea.eus\/es\/wp-json\/wp\/v2\/product\/1529","targetHints":{"allow":["GET"]}}],"collection":[{"href":"https:\/\/www.gaztedibusturialdea.eus\/es\/wp-json\/wp\/v2\/product"}],"about":[{"href":"https:\/\/www.gaztedibusturialdea.eus\/es\/wp-json\/wp\/v2\/types\/product"}],"wp:attachment":[{"href":"https:\/\/www.gaztedibusturialdea.eus\/es\/wp-json\/wp\/v2\/media?parent=1529"}],"wp:term":[{"taxonomy":"product_brand","embeddable":true,"href":"https:\/\/www.gaztedibusturialdea.eus\/es\/wp-json\/wp\/v2\/product_brand?post=1529"},{"taxonomy":"product_cat","embeddable":true,"href":"https:\/\/www.gaztedibusturialdea.eus\/es\/wp-json\/wp\/v2\/product_cat?post=1529"},{"taxonomy":"product_tag","embeddable":true,"href":"https:\/\/www.gaztedibusturialdea.eus\/es\/wp-json\/wp\/v2\/product_tag?post=1529"}],"curies":[{"name":"wp","href":"https:\/\/api.w.org\/{rel}","templated":true}]}}