{"id":990,"date":"2019-04-11T18:00:05","date_gmt":"2019-04-11T16:00:05","guid":{"rendered":"https:\/\/www.gaztedibusturialdea.eus\/produktua\/prevencion-de-riesgos-laborales-prl-curso-basico-metal-construccion\/"},"modified":"2019-04-11T18:00:05","modified_gmt":"2019-04-11T16:00:05","slug":"prevencion-de-riesgos-laborales-prl-curso-basico-metal-construccion","status":"publish","type":"product","link":"https:\/\/www.gaztedibusturialdea.eus\/es\/producto\/prevencion-de-riesgos-laborales-prl-curso-basico-metal-construccion\/","title":{"rendered":"Prevenci\u00f3n de Riesgos Laborales (PRL): Curso b\u00e1sico (Metal-Construcci\u00f3n)"},"content":{"rendered":"<p><span style=\"color: #ff0000;\"><strong>NOTA: Plazo de matr\u00edcula abierto hasta el 6 de mayo de 2019<\/strong><\/span><\/p>\n<p>Los servicios de juventud de Busturialdea han organizado un <strong>curso b\u00e1sico<\/strong> de <strong>60 horas<\/strong> de duraci\u00f3n (presenciales) de Prevenci\u00f3n de Riesgos Laborales (PRL) de las <strong>actividades del metal en la construcci\u00f3n<\/strong>\u00a0dentro del programa \u201cLana bilatzea, Lana da\u201d, para las personas j\u00f3venes, desempleadas o no, de Busturialdea.<\/p>\n<p>El objetivo general de esta formaci\u00f3n es el de adquirir, de acuerdo a los contenidos formativos desarrollados por el vigente Convenio Colectivo General del Sector de la Construcci\u00f3n, los conocimientos que se requieren para el desempe\u00f1o de las funciones de nivel b\u00e1sico de prevenci\u00f3n de riesgos laborales.<\/p>\n<p>El curso se impartir\u00e1 <strong>del 13 al 31 de mayo<\/strong> de 2019, durante tres semanas, en una aula situada en el primer piso del mercado de abastos de Bermeo, al lado del Behargintza, en horario de ma\u00f1anas, <strong>de 09:30 a 13:30 horas<\/strong>.\u00a0El curso ser\u00e1 impartido por profesorado de la <strong>Fundaci\u00f3n Laboral de la Construcci\u00f3n<\/strong> del Pa\u00eds Vasco.<\/p>\n<p>&nbsp;<\/p>\n<p>Estos son los contenidos del curso:<\/p>\n<p><strong>1.<\/strong> <strong>Conceptos b\u00e1sicos sobre seguridad y salud<\/strong><\/p>\n<p>1.1. El trabajo y la salud. Los riesgos profesionales. Factores de riesgo.<\/p>\n<p>1.2. Da\u00f1os derivados del trabajo. Los accidentes de trabajo y las enfermedades profesionales. Otras patolog\u00edas derivadas del trabajo.<\/p>\n<p>1.3. Marco normativo b\u00e1sico en materia de prevenci\u00f3n de riesgos laborales. Deberes y obligaciones b\u00e1sicos en esta materia.<\/p>\n<p><strong>2. Riesgos generales y su prevenci\u00f3n<\/strong><\/p>\n<p>2.1. Riesgos ligados a las condiciones de seguridad.<\/p>\n<p>2.2. Riesgos ligados al medio ambiente del trabajo.<\/p>\n<p>2.3. La carga del trabajo, la fatiga y la insatisfacci\u00f3n laboral.<\/p>\n<p>2.4. Sistemas elementales de control de riesgos. Medios de protecci\u00f3n colectiva y equipos de protecci\u00f3n individual.<\/p>\n<p>2.5. Planes de emergencia y evacuaci\u00f3n.<\/p>\n<p>2.6. El control de la salud de los trabajadores.<\/p>\n<p><strong>3. Riesgos espec\u00edficos y su prevenci\u00f3n en el sector de la construcci\u00f3n<\/strong><\/p>\n<p>3.1. Diferentes fases de obra y sus protecciones correspondientes (redes, barandillas, andamios, plataformas de trabajo, escaleras, etc).<\/p>\n<p>3.2. Implantaci\u00f3n de obra. Locales higi\u00e9nico sanitarios, instalaciones provisionales, etc<\/p>\n<p><strong>4. Elementos b\u00e1sicos de gesti\u00f3n de la prevenci\u00f3n de riesgos<\/strong><\/p>\n<p>4.1. Organismos p\u00fablicos relacionados con la seguridad y salud en el trabajo.<\/p>\n<p>4.2. Organizaci\u00f3n preventiva del trabajo: \u00abrutinas\u00bb b\u00e1sicas.<\/p>\n<p>4.3. Documentaci\u00f3n: recogida, elaboraci\u00f3n y archivo.<\/p>\n<p>4.4. Representaci\u00f3n de los trabajadores. Derechos y obligaciones (delegados de prevenci\u00f3n, comit\u00e9 de seguridad y salud, trabajadores designados, etc).<\/p>\n<p><strong>5. Primeros auxilios<\/strong><\/p>\n<p>5.1. Procedimientos generales.<\/p>\n<p>5.2. Plan de actuaci\u00f3n.<\/p>\n<p>&nbsp;<\/p>\n<p>El <strong>plazo de inscripci\u00f3n estar\u00e1 abierto hasta el d\u00eda 6 de mayo<\/strong>, lunes, <strong>o hasta cubrir las plazas ofertadas (25 plazas)<\/strong>. Para inscribirse en el curso es obligatorio indicar los datos personales de la persona interesada as\u00ed como realizar el pago correspondiente.<\/p>\n<p>Puesto que el n\u00famero de plazas es limitado, si el n\u00famero de inscripciones supera al de las plazas ofertadas se har\u00e1 una selecci\u00f3n entre las personas que hayan realizado la inscripci\u00f3n. Como siempre, tendr\u00e1n preferencia las personas j\u00f3venes de entre 18 y 35 a\u00f1os empadronadas en los municipios adheridos al programa Gaztedi Busturialdea.<\/p>\n<p><strong>Las personas j\u00f3venes de entre 18 y 35 a\u00f1os<\/strong> empadronadas en Arratzu, Bermeo, Ere\u00f1o, Forua, Gautegiz Arteaga, Gernika-Lumo, Kortezubi, Mendata, Morga, Mundaka y Sukarrieta <strong>deber\u00e1n abonar 130 euros en concepto de matr\u00edcula<\/strong>. De todos modos, <strong>a los y las alumnos\/as que superen el 90% de asistencia al curso se les reembolsar\u00e1n 65 euros<\/strong>. Para <strong>las personas desempleadas que cumplan con los requisitos anteriormente se\u00f1alados el curso ser\u00e1 gratuito<\/strong>.<\/p>\n<p><strong>El precio de la matr\u00edcula para<\/strong> <strong>las personas mayores de 35 a\u00f1os y\/o no empadronadas en los municipios adheridos al programa Gaztedi Busturialdea ser\u00e1 de 220 euros<\/strong>. En este caso no se har\u00e1 reembolso alguno.<\/p>\n<p>El curso est\u00e1 organizado por los Servicios de Juventud de los Ayuntamientos de Arratzu, Bermeo, Ere\u00f1o, Forua, Gautegiz Arteaga, Gernika-Lumo, Kortezubi, Mendata, Morga, Mundaka y Sukarrietako y la Diputaci\u00f3n Foral de Bizkaia dentro del proyecto denominado Gaztedi Busturialdea.<\/p>\n<ul class=\"social-buttons\">\n\n\t\t    <li>\n\t\t    <a class=\"icon-twitter\" href=\"http:\/\/twitter.com\/share?text=Prevenci\u00f3n de Riesgos Laborales (PRL): Curso b\u00e1sico (Metal-Construcci\u00f3n)&url=https:\/\/www.gaztedibusturialdea.eus\/es\/producto\/prevencion-de-riesgos-laborales-prl-curso-basico-metal-construccion\/\"\n            onclick=\"window.open(this.href, 'twitter-share', 'width=550,height=235');return false;\">\n            <span><\/span>\n\t\t\t<\/a>\n\t\t    <\/li>\n\t\t    <li>\n\t\t    <a class=\"icon-fb\" href=\"https:\/\/www.facebook.com\/sharer\/sharer.php?u=https:\/\/www.gaztedibusturialdea.eus\/es\/producto\/prevencion-de-riesgos-laborales-prl-curso-basico-metal-construccion\/\"\n             onclick=\"window.open(this.href, 'facebook-share','width=580,height=296');return false;\">\n            <span><\/span>\n\t\t\t<\/a>\n\t\t    <\/li>\n\t\t    <li>\n\t\t    <a class=\"icon-gplus\" href=\"https:\/\/plus.google.com\/share?url=https:\/\/www.gaztedibusturialdea.eus\/es\/producto\/prevencion-de-riesgos-laborales-prl-curso-basico-metal-construccion\/\"\n           onclick=\"window.open(this.href, 'google-plus-share', 'width=490,height=530');return false;\">\n            <span><\/span>\n\t\t\t<\/a>\n\t\t    <\/li>\n\t\t\t\n\t\t\t<li>\n\t\t    \t<a class=\"icon-linkedin\" href=\"https:\/\/www.linkedin.com\/shareArticle?mini=true&url=https:\/\/www.gaztedibusturialdea.eus\/es\/producto\/prevencion-de-riesgos-laborales-prl-curso-basico-metal-construccion\/&title=Prevenci\u00f3n de Riesgos Laborales (PRL): Curso b\u00e1sico (Metal-Construcci\u00f3n)\">\n\t\t    \t<span><\/span>\n\t\t    \t<\/a>\n\t\t    <\/li>\n\t\t    \n\t\t\t\n\t\t\t<li>\n\t\t    \t<a class=\"visible-xs icon-whatsapp\" href=\"whatsapp:\/\/send?text=https:\/\/www.gaztedibusturialdea.eus\/es\/producto\/prevencion-de-riesgos-laborales-prl-curso-basico-metal-construccion\/\" data-action=\"share\/whatsapp\/share\"><\/a>\n\t\t    <\/li>\n\t\t    \n\t\t    \n\t\t\t<\/ul>","protected":false},"excerpt":{"rendered":"<p>Los servicios de juventud de Busturialdea han organizado un <strong>curso b\u00e1sico<\/strong> de <strong>60 horas<\/strong> de duraci\u00f3n (presenciales) de Prevenci\u00f3n de Riesgos Laborales (PRL) de las <strong>actividades del metal en la construcci\u00f3n<\/strong>\u00a0dentro del programa \u201cLana bilatzea, Lana da\u201d, para las personas j\u00f3venes, desempleadas o no, de Busturialdea.<\/p>\n<p>El curso se impartir\u00e1 <strong>del 13 al 31 de mayo<\/strong> de 2019, durante tres semanas, en una aula situada en el primer piso del mercado de abastos de Bermeo, al lado del Behargintza, en horario de ma\u00f1anas, <strong>de 09:30 a 13:30 horas<\/strong>.\u00a0El curso ser\u00e1 impartido por profesorado de la <strong>Fundaci\u00f3n Laboral de la Construcci\u00f3n<\/strong> del Pa\u00eds Vasco.<\/p>\n","protected":false},"featured_media":0,"template":"","meta":[],"product_brand":[],"product_cat":[44],"product_tag":[],"class_list":{"0":"post-990","1":"product","2":"type-product","3":"status-publish","5":"product_cat-formacion","7":"first","8":"instock","9":"shipping-taxable","10":"purchasable","11":"product-type-variable"},"_links":{"self":[{"href":"https:\/\/www.gaztedibusturialdea.eus\/es\/wp-json\/wp\/v2\/product\/990","targetHints":{"allow":["GET"]}}],"collection":[{"href":"https:\/\/www.gaztedibusturialdea.eus\/es\/wp-json\/wp\/v2\/product"}],"about":[{"href":"https:\/\/www.gaztedibusturialdea.eus\/es\/wp-json\/wp\/v2\/types\/product"}],"wp:attachment":[{"href":"https:\/\/www.gaztedibusturialdea.eus\/es\/wp-json\/wp\/v2\/media?parent=990"}],"wp:term":[{"taxonomy":"product_brand","embeddable":true,"href":"https:\/\/www.gaztedibusturialdea.eus\/es\/wp-json\/wp\/v2\/product_brand?post=990"},{"taxonomy":"product_cat","embeddable":true,"href":"https:\/\/www.gaztedibusturialdea.eus\/es\/wp-json\/wp\/v2\/product_cat?post=990"},{"taxonomy":"product_tag","embeddable":true,"href":"https:\/\/www.gaztedibusturialdea.eus\/es\/wp-json\/wp\/v2\/product_tag?post=990"}],"curies":[{"name":"wp","href":"https:\/\/api.w.org\/{rel}","templated":true}]}}